{"id":415,"date":"2020-05-09T09:57:20","date_gmt":"2020-05-09T09:57:20","guid":{"rendered":"http:\/\/cerenguvenlik.com\/?page_id=415"},"modified":"2020-05-09T09:57:23","modified_gmt":"2020-05-09T09:57:23","slug":"anasayfa-2","status":"publish","type":"page","link":"http:\/\/cerenguvenlik.com\/index.php\/anasayfa-2\/","title":{"rendered":"Anasayfa"},"content":{"rendered":"<h2>Kamera ve Alarm Sistemleri<\/h2>\n<p>Eviniz ve \u0130\u015fyerleriniz i\u00e7in en etkili g\u00fcvenlik \u00e7\u00f6z\u00fcmlerini sunuyoruz.<\/p>\n<p><a href=\"#\" role=\"button\"><br \/>\nBilgi i\u00e7in L\u00fctfen  ileti\u015fime ge\u00e7iniz<br \/>\n<\/a><\/p>\n<h3>\n\t\t\t\t\t7\/24 Telefon ve Uzaktan Destek Hizmeti<\/h3>\n<h3>\n\t\t\t\t\tKamera ve Alarm Teknik Servis ve Bak\u0131m Hizmeti<\/h3>\n<h3>\n\t\t\t\t\tStoktan \u00c7ok \u00d6zel Fiyatlarla Sat\u0131\u015f Hizmeti<\/h3>\n<h2>Ceren Bili\u015fim Ltd. \u015eti.<\/h2>\n<p>1998 y\u0131l\u0131nda sekt\u00f6re ad\u0131m atmistir. Sekt\u00f6rde alarm, kamera, yang\u0131n sistemi,alarm haber alma hizmeti,ma\u011faza mal g\u00fcvenlik antenleri, ses sistemleri, telefon santralleri, personel takip sistemleri, kartl\u0131 geci\u015f sistemleri, bek\u00e7i tur sistemleri, kap\u0131 dedekt\u00f6r\u00fc, ak\u0131ll\u0131 ev sistemleri, diyafon sistemleri, network ve bili\u015fim sistemleri, kesintisiz g\u00fc\u00e7 kaynaklar\u0131 ile geni\u015f \u00fcr\u00fcn yelpazesiyle sat\u0131\u015f, montaj, servis, bak\u0131m&nbsp; hizmetleri vermektedir.<\/p>\n<p>Vizyonumuz kesintisiz, h\u0131zl\u0131, ekonomik hizmet anlay\u0131\u015f\u0131 ile hizmet vermek ve her zaman yenilik\u00e7i&nbsp; \u00e7\u00f6z\u00fcm \u00fcreterek sekt\u00f6rdeki yerimizi ileriye ta\u015f\u0131makt\u0131r.&nbsp;<\/p>\n<h1>\u00c7al\u0131\u015fma Prensiplerimiz<\/h1>\n<p><img loading=\"lazy\" width=\"300\" height=\"200\" src=\"http:\/\/localhost\/ceren\/wp-content\/uploads\/2020\/05\/Security-Camera-and-Burglar-300x200.jpg\" alt=\"\" srcset=\"http:\/\/localhost\/ceren\/wp-content\/uploads\/2020\/05\/Security-Camera-and-Burglar-300x200.jpg 300w, http:\/\/localhost\/ceren\/wp-content\/uploads\/2020\/05\/Security-Camera-and-Burglar.jpg 450w\" sizes=\"(max-width: 300px) 100vw, 300px\"><\/p>\n<h2>Yenilik\u00e7i ve G\u00fcvenilir<\/h2>\n<p>Her zaman yenilik\u00e7i&nbsp; \u00e7\u00f6z\u00fcmler \u00fcreterek sekt\u00f6rdeki yerimizi ileriye ta\u015f\u0131mak ve etkin \u00e7\u00f6z\u00fcmlerimizle g\u00fcven olu\u015fturmak<\/p>\n<p><img loading=\"lazy\" width=\"768\" height=\"512\" src=\"http:\/\/localhost\/ceren\/wp-content\/uploads\/2020\/05\/video-surveillance-768x512.jpg\" alt=\"\" srcset=\"http:\/\/localhost\/ceren\/wp-content\/uploads\/2020\/05\/video-surveillance-768x512.jpg 768w, http:\/\/localhost\/ceren\/wp-content\/uploads\/2020\/05\/video-surveillance-300x200.jpg 300w, http:\/\/localhost\/ceren\/wp-content\/uploads\/2020\/05\/video-surveillance-1024x683.jpg 1024w, http:\/\/localhost\/ceren\/wp-content\/uploads\/2020\/05\/video-surveillance-930x620.jpg 930w, http:\/\/localhost\/ceren\/wp-content\/uploads\/2020\/05\/video-surveillance.jpg 1080w\" sizes=\"(max-width: 768px) 100vw, 768px\"><\/p>\n<h2>Kesintisiz ve H\u0131zl\u0131<\/h2>\n<p>Uzman kadromuz ve m\u00fc\u015fteri odakl\u0131 hizmet anlay\u0131\u015f\u0131m\u0131zla y\u00fcksek nitelikli hizmet sunmak<\/p>\n<p><img loading=\"lazy\" width=\"300\" height=\"200\" src=\"http:\/\/localhost\/ceren\/wp-content\/uploads\/2020\/05\/video-surveillance-300x200.jpg\" alt=\"\" srcset=\"http:\/\/localhost\/ceren\/wp-content\/uploads\/2020\/05\/video-surveillance-300x200.jpg 300w, http:\/\/localhost\/ceren\/wp-content\/uploads\/2020\/05\/video-surveillance-1024x683.jpg 1024w, http:\/\/localhost\/ceren\/wp-content\/uploads\/2020\/05\/video-surveillance-768x512.jpg 768w, http:\/\/localhost\/ceren\/wp-content\/uploads\/2020\/05\/video-surveillance-930x620.jpg 930w, http:\/\/localhost\/ceren\/wp-content\/uploads\/2020\/05\/video-surveillance.jpg 1080w\" sizes=\"(max-width: 300px) 100vw, 300px\"><\/p>\n<h2>Kaliteli ve Ekonomik<\/h2>\n<p>Kaliteden \u00f6d\u00fcn vermeden m\u00fc\u015fteriye \u00f6zel ekonomik \u00e7\u00f6z\u00fcmler \u00fcreterek&nbsp; en uygun fiyat garantisi ile hizmet sa\u011flamak<\/p>\n<h1>Hizmetlerimiz<\/h1>\n<h3>&nbsp; &nbsp; &nbsp; &nbsp; &nbsp; &nbsp;G\u00fcvenlik Kamera Sistemleri<\/h3>\n<h3>&nbsp; &nbsp; &nbsp; &nbsp; &nbsp; &nbsp; &nbsp; &nbsp; &nbsp; &nbsp; G\u00fcvenlik Alarm Sistemleri<\/h3>\n<figure><img loading=\"lazy\" width=\"150\" height=\"150\" src=\"http:\/\/localhost\/ceren\/wp-content\/uploads\/2020\/05\/DOME-150x150.jpg\" alt=\"\" srcset=\"http:\/\/localhost\/ceren\/wp-content\/uploads\/2020\/05\/DOME-150x150.jpg 150w, http:\/\/localhost\/ceren\/wp-content\/uploads\/2020\/05\/DOME-300x300.jpg 300w, http:\/\/localhost\/ceren\/wp-content\/uploads\/2020\/05\/DOME.jpg 512w\" sizes=\"(max-width: 150px) 100vw, 150px\"><\/figure>\n<h3>IP Kamera<\/h3>\n<p>Uzaktan izlemek ve kay\u0131t alt\u0131na almak i\u00e7in network a\u011f\u0131n\u0131zdan yararlanarak kablosuz olarak kullan\u0131m \u00f6zelli\u011fi sunan ileri d\u00fczey kamera teknolojisidir. IP Kameran\u0131n en iyi \u00f6zelli\u011fi g\u00fcvenli\u011finizi sa\u011flarken evinizin ya da i\u015f yerinizin ortam g\u00fczelli\u011fini bozmamas\u0131d\u0131r. Di\u011fer sistemler gibi kablo veya ekstra aparatlar gerektirmeyen kamera sistemidir.<\/p>\n<figure><img loading=\"lazy\" width=\"300\" height=\"215\" src=\"http:\/\/localhost\/ceren\/wp-content\/uploads\/2020\/05\/78-300x215.png\" alt=\"\" srcset=\"http:\/\/localhost\/ceren\/wp-content\/uploads\/2020\/05\/78-300x215.png 300w, http:\/\/localhost\/ceren\/wp-content\/uploads\/2020\/05\/78.png 752w\" sizes=\"(max-width: 300px) 100vw, 300px\"><\/figure>\n<h3>H\u0131rs\u0131z Alarm<\/h3>\n<p>Alarm sistemleri, evimizin veya i\u015fyerimizin can ve mal g\u00fcvenli\u011fini sa\u011flamam\u0131z\u0131, h\u0131rs\u0131zlardan ve yabanc\u0131 ki\u015filerden korunmam\u0131z\u0131 sa\u011flayan elektronik haber alma sistemleridir.Yap\u0131lan ara\u015ft\u0131rmalara g\u00f6re h\u0131rs\u0131zlar alarm sistemi bulunan yerlere girmeyi tercih etmemektedir. Alarm sistemleri bu y\u00f6nden cayd\u0131r\u0131c\u0131d\u0131r.<\/p>\n<figure><img loading=\"lazy\" width=\"300\" height=\"300\" src=\"http:\/\/localhost\/ceren\/wp-content\/uploads\/2020\/05\/BULET-300x300.jpg\" alt=\"\" srcset=\"http:\/\/localhost\/ceren\/wp-content\/uploads\/2020\/05\/BULET-300x300.jpg 300w, http:\/\/localhost\/ceren\/wp-content\/uploads\/2020\/05\/BULET-150x150.jpg 150w, http:\/\/localhost\/ceren\/wp-content\/uploads\/2020\/05\/BULET.jpg 512w\" sizes=\"(max-width: 300px) 100vw, 300px\"><\/figure>\n<h3>Kapal\u0131 Devre Kamera<\/h3>\n<p>CCTV kamera sistemleri, binalar, parklar, fabrikalar, bankalar, hastaneler, \u00fcniversiteler, kamu kurulu\u015flar\u0131 ve ma\u011fazalar gibi bir \u00e7ok alanda h\u0131rs\u0131zl\u0131k, \u00e7al\u0131\u015fan denetleme, kaza anlar\u0131n\u0131 yakalamak, kimlik tespiti, \u00fcr\u00fcnleri g\u00f6zetim alt\u0131nda tutmak ve daha bir \u00e7ok durum ad\u0131na koruma sa\u011flamada kullan\u0131lan yayg\u0131n bir sistemdir. Korunma ve g\u00fcvenlik alan\u0131ndaki faydalar\u0131 dikkate de\u011ferdir. CCTV Sisteminde bir izleme noktas\u0131 bulunur ve sahada konumland\u0131r\u0131lan b\u00fct\u00fcn kameralar bu merkezde kay\u0131t alt\u0131na al\u0131narak canl\u0131 izleme yap\u0131l\u0131r. \u0130stenildi\u011fi taktirde ge\u00e7mi\u015fe d\u00f6n\u00fck kay\u0131tlar izlenebilir.<\/p>\n<figure><img loading=\"lazy\" width=\"300\" height=\"250\" src=\"http:\/\/localhost\/ceren\/wp-content\/uploads\/2020\/05\/1-300x250.png\" alt=\"\" srcset=\"http:\/\/localhost\/ceren\/wp-content\/uploads\/2020\/05\/1-300x250.png 300w, http:\/\/localhost\/ceren\/wp-content\/uploads\/2020\/05\/1.png 647w\" sizes=\"(max-width: 300px) 100vw, 300px\"><\/figure>\n<h3>Yang\u0131n Alarm<\/h3>\n<p>Olas\u0131 bir yang\u0131n durumunun hen\u00fcz ba\u015flang\u0131\u00e7 a\u015famas\u0131nda dedekt\u00f6rler yard\u0131m\u0131yla alg\u0131lan\u0131p uyar\u0131 vermektedir. Ayr\u0131ca g\u00f6zle g\u00f6r\u00fclmesi durumunda insanlar\u0131n manuel olarak ihbar sistemini aktif edebilmesine imkan\u0131 sunar.Siren ve fla\u015f\u00f6rler ile bir kontrol paneli bulunur. Bu sistemler insan hayat\u0131n\u0131 direk olarak etki etti\u011finden olduk\u00e7a \u00f6nemlidir ve uzman ki\u015filerce yap\u0131lmas\u0131 gerekir.<\/p>\n<h2>\u0130leti\u015fim<\/h2>\n<p>M\u00fc\u015fterilerimize daha h\u0131zl\u0131 ve kaliteli hizmet verebilmek i\u00e7in sekt\u00f6rde bir ilk olarak online web \u00fczerinden servis taleplerinizi verebilirsiniz.<\/p>\n<form action=\"http:\/\/localhost\/ceren\/wp-admin\/admin-post.php\" method=\"post\" name=\"content-form-655582f\" id=\"content-form-655582f\"><input type=\"hidden\" id=\"_wpnonce_contact\" name=\"_wpnonce_contact\" value=\"39cb9e6908\"><input type=\"hidden\" name=\"_wp_http_referer\" value=\"\/ceren\/wp-admin\/admin-ajax.php\"><input type=\"hidden\" name=\"action\" value=\"content_form_submit\"><input type=\"hidden\" name=\"form-type\" value=\"contact\"><input type=\"hidden\" name=\"form-builder\" value=\"elementor\"><input type=\"hidden\" name=\"post-id\" value=\"222\"><input type=\"hidden\" name=\"form-id\" value=\"655582f\"><\/p>\n<fieldset><label for=\"data[655582f][name]\">Ad Soyad *<\/label><input type=\"text\" name=\"data[655582f][name]\" id=\"data[655582f][name]\" required=\"required\" placeholder=\"\"><\/fieldset>\n<fieldset><label for=\"data[655582f][email]\">E-mail *<\/label><input type=\"text\" name=\"data[655582f][email]\" id=\"data[655582f][email]\" required=\"required\" placeholder=\"\"><\/fieldset>\n<fieldset><label for=\"data[655582f][phone]\">Konu *<\/label><input type=\"text\" name=\"data[655582f][phone]\" id=\"data[655582f][phone]\" required=\"required\" placeholder=\"\"><\/fieldset>\n<fieldset><label for=\"data[655582f][phone]\">Telefon<\/label><input type=\"text\" name=\"data[655582f][phone]\" id=\"data[655582f][phone]\" placeholder=\"\"><\/fieldset>\n<fieldset><label for=\"data[655582f][message]\">Mesaj\u0131n\u0131z *<\/label><textarea name=\"data[655582f][message]\" id=\"data[655582f][message]\" required=\"required\" placeholder=\"\" cols=\"30\" rows=\"5\"><\/textarea><\/fieldset>\n<fieldset><button type=\"submit\" name=\"submit\" value=\"submit-contact-655582f\">G\u00f6nder<\/button><\/fieldset>\n<\/form>\n<h3>Harita<\/h3>\n<p><iframe loading=\"lazy\" src=\"https:\/\/www.google.com\/maps\/embed?pb=!1m18!1m12!1m3!1d100070.77468671318!2d27.038209801760942!3d38.39035371245245!2m3!1f0!2f0!3f0!3m2!1i1024!2i768!4f13.1!3m3!1m2!1s0x14bbd8788c0cc703%3A0xafcadd5eb7b529f1!2sCeren%20G%C3%BCvenlik%20Bili%C5%9Fim%20Sistemleri!5e0!3m2!1str!2str!4v1589005317172!5m2!1str!2str\" width=\"400\" height=\"300\" frameborder=\"0\" style=\"border:0;\" allowfullscreen=\"\" aria-hidden=\"false\" tabindex=\"0\"><\/iframe><\/p>\n<h3>\u0130LET\u0130\u015e\u0130M<\/h3>\n<p><a href=\"#\">Adres: Pamuk Plaza, Halkap\u0131nar Mahallesi 1082. Sokak, No: 7\/D, Kat:,1 B Blok, 35110 Konak \/ \u0130ZM\u0130R<\/a><br \/>\n<a href=\"#\">Telefon: 0(232) 458 00 04<\/a><br \/>\n<a href=\"#\">E-Mail: burak@cerenguvenlik.com<\/a><br \/>\n<a href=\"#\">G\u00fcvenli\u011finiz i\u00e7in l\u00fctfen ileti\u015fime ge\u00e7iniz.<\/a><\/p>\n<h3>Fiyat Listelerimiz<\/h3>\n<p><a href=\"\">Haikon <\/a><\/p>\n<p><a style=\"color: #ccffff;\" href=\"http:\/\/localhost\/ceren\/wp-content\/uploads\/2020\/05\/Haikon-Hikvision-Fiyat-Listesi-2019.pdf\" target=\"_blank\" rel=\"noopener noreferrer\" data-wplink-url-error=\"true\">Haikon-Hikvision-Fiyat-Listesi-2019<\/a><\/p>\n<p><a style=\"color: #ccffff;\" href=\"http:\/\/localhost\/ceren\/wp-content\/uploads\/2020\/05\/haikon_katalogu.pdf\" target=\"_blank\" rel=\"noopener noreferrer\" data-wplink-url-error=\"true\">Haikon_Katalogu<\/a><\/p>\n<p><a href=\"\">Dahua<\/a><\/p>\n<p><a style=\"color: #ccffff;\" href=\"http:\/\/localhost\/ceren\/wp-content\/uploads\/2020\/05\/1-Dahua-HDCVI-\u00dcr\u00fcnleri-Ocak-2020.pdf\" target=\"_blank\" rel=\"noopener noreferrer\" data-wplink-url-error=\"true\">Dahua HDCVI \u00dcr\u00fcnleri \u2013 Ocak 2020<\/a><\/p>\n<p><a style=\"color: #ccffff;\" href=\"http:\/\/localhost\/ceren\/wp-content\/uploads\/2020\/05\/2-Dahua-IP-Kanal-\u00dcr\u00fcnleri-Ocak-2020.pdf\" target=\"_blank\" rel=\"noopener noreferrer\" data-wplink-url-error=\"true\">Dahua IP Kanal \u00dcr\u00fcnleri \u2013 Ocak 2020<\/a><\/p>\n<dl class=\"gallery-item\">\n<dt class=\"gallery-icon landscape\">\n\t\t\t\t<a data-elementor-open-lightbox=\"yes\" data-elementor-lightbox-slideshow=\"991610b\" data-elementor-lightbox-title=\"51YT37Pt4lL._SX425_\" href=\"http:\/\/localhost\/ceren\/wp-content\/uploads\/2020\/05\/51YT37Pt4lL._SX425_.jpg\"><img loading=\"lazy\" width=\"150\" height=\"150\" src=\"http:\/\/localhost\/ceren\/wp-content\/uploads\/2020\/05\/51YT37Pt4lL._SX425_-150x150.jpg\" alt=\"\"><\/a><\/dt>\n<\/dl>\n<dl class=\"gallery-item\">\n<dt class=\"gallery-icon landscape\">\n\t\t\t\t<a data-elementor-open-lightbox=\"yes\" data-elementor-lightbox-slideshow=\"991610b\" data-elementor-lightbox-title=\"ALARM\" href=\"http:\/\/localhost\/ceren\/wp-content\/uploads\/2020\/05\/ALARM.jpg\"><img loading=\"lazy\" width=\"150\" height=\"150\" src=\"http:\/\/localhost\/ceren\/wp-content\/uploads\/2020\/05\/ALARM-150x150.jpg\" alt=\"\"><\/a><\/dt>\n<\/dl>\n<dl class=\"gallery-item\">\n<dt class=\"gallery-icon landscape\">\n\t\t\t\t<a data-elementor-open-lightbox=\"yes\" data-elementor-lightbox-slideshow=\"991610b\" data-elementor-lightbox-title=\"CUBE\" href=\"http:\/\/localhost\/ceren\/wp-content\/uploads\/2020\/05\/CUBE.jpg\"><img loading=\"lazy\" width=\"150\" height=\"150\" src=\"http:\/\/localhost\/ceren\/wp-content\/uploads\/2020\/05\/CUBE-150x150.jpg\" alt=\"\" srcset=\"http:\/\/localhost\/ceren\/wp-content\/uploads\/2020\/05\/CUBE-150x150.jpg 150w, http:\/\/localhost\/ceren\/wp-content\/uploads\/2020\/05\/CUBE-300x300.jpg 300w, http:\/\/localhost\/ceren\/wp-content\/uploads\/2020\/05\/CUBE-768x768.jpg 768w, http:\/\/localhost\/ceren\/wp-content\/uploads\/2020\/05\/CUBE.jpg 800w\" sizes=\"(max-width: 150px) 100vw, 150px\"><\/a><\/dt>\n<\/dl>\n<dl class=\"gallery-item\">\n<dt class=\"gallery-icon landscape\">\n\t\t\t\t<a data-elementor-open-lightbox=\"yes\" data-elementor-lightbox-slideshow=\"991610b\" data-elementor-lightbox-title=\"BULET\" href=\"http:\/\/localhost\/ceren\/wp-content\/uploads\/2020\/05\/BULET.jpg\"><img loading=\"lazy\" width=\"150\" height=\"150\" src=\"http:\/\/localhost\/ceren\/wp-content\/uploads\/2020\/05\/BULET-150x150.jpg\" alt=\"\" srcset=\"http:\/\/localhost\/ceren\/wp-content\/uploads\/2020\/05\/BULET-150x150.jpg 150w, http:\/\/localhost\/ceren\/wp-content\/uploads\/2020\/05\/BULET-300x300.jpg 300w, http:\/\/localhost\/ceren\/wp-content\/uploads\/2020\/05\/BULET.jpg 512w\" sizes=\"(max-width: 150px) 100vw, 150px\"><\/a><\/dt>\n<\/dl>\n<p><br style=\"clear: both\"><\/p>\n<dl class=\"gallery-item\">\n<dt class=\"gallery-icon landscape\">\n\t\t\t\t<a data-elementor-open-lightbox=\"yes\" data-elementor-lightbox-slideshow=\"991610b\" data-elementor-lightbox-title=\"DVR\" href=\"http:\/\/localhost\/ceren\/wp-content\/uploads\/2020\/05\/DVR.jpg\"><img loading=\"lazy\" width=\"150\" height=\"150\" src=\"http:\/\/localhost\/ceren\/wp-content\/uploads\/2020\/05\/DVR-150x150.jpg\" alt=\"\" srcset=\"http:\/\/localhost\/ceren\/wp-content\/uploads\/2020\/05\/DVR-150x150.jpg 150w, http:\/\/localhost\/ceren\/wp-content\/uploads\/2020\/05\/DVR-300x300.jpg 300w, http:\/\/localhost\/ceren\/wp-content\/uploads\/2020\/05\/DVR.jpg 600w\" sizes=\"(max-width: 150px) 100vw, 150px\"><\/a><\/dt>\n<\/dl>\n<dl class=\"gallery-item\">\n<dt class=\"gallery-icon landscape\">\n\t\t\t\t<a data-elementor-open-lightbox=\"yes\" data-elementor-lightbox-slideshow=\"991610b\" data-elementor-lightbox-title=\"DOME\" href=\"http:\/\/localhost\/ceren\/wp-content\/uploads\/2020\/05\/DOME.jpg\"><img loading=\"lazy\" width=\"150\" height=\"150\" src=\"http:\/\/localhost\/ceren\/wp-content\/uploads\/2020\/05\/DOME-150x150.jpg\" alt=\"\" srcset=\"http:\/\/localhost\/ceren\/wp-content\/uploads\/2020\/05\/DOME-150x150.jpg 150w, http:\/\/localhost\/ceren\/wp-content\/uploads\/2020\/05\/DOME-300x300.jpg 300w, http:\/\/localhost\/ceren\/wp-content\/uploads\/2020\/05\/DOME.jpg 512w\" sizes=\"(max-width: 150px) 100vw, 150px\"><\/a><\/dt>\n<\/dl>\n<dl class=\"gallery-item\">\n<dt class=\"gallery-icon landscape\">\n\t\t\t\t<a data-elementor-open-lightbox=\"yes\" data-elementor-lightbox-slideshow=\"991610b\" data-elementor-lightbox-title=\"IP KAMERA\" href=\"http:\/\/localhost\/ceren\/wp-content\/uploads\/2020\/05\/IP-KAMERA.jpg\"><img loading=\"lazy\" width=\"150\" height=\"150\" src=\"http:\/\/localhost\/ceren\/wp-content\/uploads\/2020\/05\/IP-KAMERA-150x150.jpg\" alt=\"\"><\/a><\/dt>\n<\/dl>\n<dl class=\"gallery-item\">\n<dt class=\"gallery-icon landscape\">\n\t\t\t\t<a data-elementor-open-lightbox=\"yes\" data-elementor-lightbox-slideshow=\"991610b\" data-elementor-lightbox-title=\"3555044\" href=\"http:\/\/localhost\/ceren\/wp-content\/uploads\/2020\/05\/3555044-scaled.jpg\"><img loading=\"lazy\" width=\"150\" height=\"150\" src=\"http:\/\/localhost\/ceren\/wp-content\/uploads\/2020\/05\/3555044-150x150.jpg\" alt=\"\"><\/a><\/dt>\n<\/dl>\n<p><br style=\"clear: both\"><\/p>\n","protected":false},"excerpt":{"rendered":"<p>Kamera ve Alarm Sistemleri Eviniz ve \u0130\u015fyerleriniz i\u00e7in en etkili g\u00fcvenlik \u00e7\u00f6z\u00fcmlerini sunuyoruz. Bilgi i\u00e7in L\u00fctfen ileti\u015fime ge\u00e7iniz 7\/24 Telefon ve Uzaktan Destek Hizmeti Kamera ve Alarm Teknik Servis ve Bak\u0131m Hizmeti Stoktan \u00c7ok \u00d6zel Fiyatlarla Sat\u0131\u015f Hizmeti Ceren Bili\u015fim Ltd. \u015eti. 1998 y\u0131l\u0131nda sekt\u00f6re ad\u0131m atmistir. Sekt\u00f6rde alarm, kamera, yang\u0131n sistemi,alarm haber alma hizmeti,ma\u011faza&hellip;&nbsp;<a href=\"http:\/\/cerenguvenlik.com\/index.php\/anasayfa-2\/\" class=\"\" rel=\"bookmark\">Daha fazlas\u0131n\u0131 oku &raquo;<span class=\"screen-reader-text\">Anasayfa<\/span><\/a><\/p>\n","protected":false},"author":1,"featured_media":0,"parent":0,"menu_order":0,"comment_status":"closed","ping_status":"closed","template":"elementor_header_footer","meta":{"neve_meta_sidebar":"","neve_meta_container":"","neve_meta_enable_content_width":"off","neve_meta_content_width":0,"neve_meta_title_alignment":"","neve_meta_author_avatar":"","neve_post_elements_order":"","neve_meta_disable_header":"","neve_meta_disable_footer":"","neve_meta_disable_title":"","_themeisle_gutenberg_block_has_review":false},"_links":{"self":[{"href":"http:\/\/cerenguvenlik.com\/index.php\/wp-json\/wp\/v2\/pages\/415"}],"collection":[{"href":"http:\/\/cerenguvenlik.com\/index.php\/wp-json\/wp\/v2\/pages"}],"about":[{"href":"http:\/\/cerenguvenlik.com\/index.php\/wp-json\/wp\/v2\/types\/page"}],"author":[{"embeddable":true,"href":"http:\/\/cerenguvenlik.com\/index.php\/wp-json\/wp\/v2\/users\/1"}],"replies":[{"embeddable":true,"href":"http:\/\/cerenguvenlik.com\/index.php\/wp-json\/wp\/v2\/comments?post=415"}],"version-history":[{"count":1,"href":"http:\/\/cerenguvenlik.com\/index.php\/wp-json\/wp\/v2\/pages\/415\/revisions"}],"predecessor-version":[{"id":420,"href":"http:\/\/cerenguvenlik.com\/index.php\/wp-json\/wp\/v2\/pages\/415\/revisions\/420"}],"wp:attachment":[{"href":"http:\/\/cerenguvenlik.com\/index.php\/wp-json\/wp\/v2\/media?parent=415"}],"curies":[{"name":"wp","href":"https:\/\/api.w.org\/{rel}","templated":true}]}}